{"id":2,"date":"2019-02-16T15:32:00","date_gmt":"2019-02-16T14:32:00","guid":{"rendered":"https:\/\/wp.dorfclub-hochdorf.de\/?page_id=2"},"modified":"2019-10-20T18:03:47","modified_gmt":"2019-10-20T16:03:47","slug":"beispiel-seite","status":"publish","type":"page","link":"https:\/\/dorfclub-hochdorf.de\/?page_id=2","title":{"rendered":"Wer wir sind"},"content":{"rendered":"\n<div class=\"wp-block-image\"><figure class=\"aligncenter\"><img loading=\"lazy\" decoding=\"async\" width=\"419\" height=\"422\" src=\"https:\/\/dorfclub-hochdorf.de\/wp-content\/uploads\/2019\/05\/Dorfclub_Vereinslogo.png\" alt=\"\" class=\"wp-image-56\" srcset=\"https:\/\/dorfclub-hochdorf.de\/wp-content\/uploads\/2019\/05\/Dorfclub_Vereinslogo.png 419w, https:\/\/dorfclub-hochdorf.de\/wp-content\/uploads\/2019\/05\/Dorfclub_Vereinslogo-150x150.png 150w, https:\/\/dorfclub-hochdorf.de\/wp-content\/uploads\/2019\/05\/Dorfclub_Vereinslogo-298x300.png 298w\" sizes=\"auto, (max-width: 419px) 100vw, 419px\" \/><\/figure><\/div>\n\n\n\n<p>Wir sind ein neu gegr\u00fcndeter Verein, zur St\u00e4rkung der Hochdorfer Dorfgemeinschaft.<br>Der \u201eDorfclub Hochdorf e.V.\u201c ist ein Verein, der alle Generationen verbindet und gemeinsam das Dorfleben aufbl\u00fchen l\u00e4sst.<br>Unser Ziel ist es Brauchtum, alte Traditionen aufleben zu lassen und mit neuen, frischen Ideen Hochdorf zu st\u00e4rken.<\/p>\n\n\n\n<p>Wir haben den Verein gegr\u00fcndet, da wir bereits eine kleine Gemeinschaft waren und wir diese durch den \u201eDorfclub Hochdorf e.V.\u201c vergr\u00f6\u00dfern m\u00f6chten, damit mehr B\u00fcrger die Gemeinschaft sp\u00fcren, leben, verbreiten.<br>Dadurch sind wir auch ein Verein, der die bisher bestehenden Vereine verbindet, da wir uns Mitglieder teilen, wodurch auch zwischen den Vereinen eine neue Gemeinschaft entsteht.<\/p>\n\n\n\n<p>Au\u00dferdem m\u00f6chten wir uns an dieser Stelle bei allen bedanken, die uns auf unserem bisherigen Weg unterst\u00fctzt und vertraut haben. Ganz besonders, bei allen Mitgliedern des Vorstands und den Beisitzern, f\u00fcr die tatkr\u00e4ftige Unterst\u00fctzung.<br>Aber auch bei unseren Mitgliedern, ohne euch w\u00e4re die Umsetzung unserer Pl\u00e4ne und Ziele nicht m\u00f6glich.<\/p>\n","protected":false},"excerpt":{"rendered":"<p>Wir sind ein neu gegr\u00fcndeter Verein, zur St\u00e4rkung der Hochdorfer Dorfgemeinschaft.Der \u201eDorfclub Hochdorf e.V.\u201c ist ein Verein, der alle Generationen&hellip;<\/p>\n","protected":false},"author":1,"featured_media":0,"parent":0,"menu_order":0,"comment_status":"closed","ping_status":"open","template":"","meta":{"footnotes":""},"class_list":["post-2","page","type-page","status-publish","hentry"],"_links":{"self":[{"href":"https:\/\/dorfclub-hochdorf.de\/index.php?rest_route=\/wp\/v2\/pages\/2","targetHints":{"allow":["GET"]}}],"collection":[{"href":"https:\/\/dorfclub-hochdorf.de\/index.php?rest_route=\/wp\/v2\/pages"}],"about":[{"href":"https:\/\/dorfclub-hochdorf.de\/index.php?rest_route=\/wp\/v2\/types\/page"}],"author":[{"embeddable":true,"href":"https:\/\/dorfclub-hochdorf.de\/index.php?rest_route=\/wp\/v2\/users\/1"}],"replies":[{"embeddable":true,"href":"https:\/\/dorfclub-hochdorf.de\/index.php?rest_route=%2Fwp%2Fv2%2Fcomments&post=2"}],"version-history":[{"count":8,"href":"https:\/\/dorfclub-hochdorf.de\/index.php?rest_route=\/wp\/v2\/pages\/2\/revisions"}],"predecessor-version":[{"id":252,"href":"https:\/\/dorfclub-hochdorf.de\/index.php?rest_route=\/wp\/v2\/pages\/2\/revisions\/252"}],"wp:attachment":[{"href":"https:\/\/dorfclub-hochdorf.de\/index.php?rest_route=%2Fwp%2Fv2%2Fmedia&parent=2"}],"curies":[{"name":"wp","href":"https:\/\/api.w.org\/{rel}","templated":true}]}}