{"id":33,"date":"2019-04-22T20:44:38","date_gmt":"2019-04-22T18:44:38","guid":{"rendered":"https:\/\/wp.dorfclub-hochdorf.de\/?page_id=33"},"modified":"2026-05-01T21:43:54","modified_gmt":"2026-05-01T19:43:54","slug":"datenschutzerklaerung-2","status":"publish","type":"page","link":"https:\/\/dorfclub-hochdorf.de\/?page_id=33","title":{"rendered":"Datenschutzerkl\u00e4rung"},"content":{"rendered":"<div id=\"ausgabeFenster\">\n<h1>Datenschutzhinweise gem\u00e4\u00df Art. 13 DSGVO<\/h1>\n<h2>Verantwortlicher<\/h2>\n<p>Dorfclub Hochdorf e.V.<br \/>\nObere M\u00fchle 1<br \/>\n71686 Remseck am Neckar<\/p>\n<p><a href=\"mailto:info@dorfclub-hochdorf.de\">info@dorfclub-hochdorf.de<\/a><\/p>\n<p>Bei Fragen zur Website oder zum Datenschutz steht Ihnen unser Datenschutzbeauftragter unter <a href=\"mailto:webmaster@dorfclub-hochdorf.de\">webmaster@dorfclub-hochdorf.de<\/a> oder unter der oben angegebenen postalischen Anschrift zur Verf\u00fcgung.<\/p>\n<h2>Datenverarbeitung auf unserer Webseite und weiteren Online-Angeboten<\/h2>\n<h3>Logfiles beim Aufruf unserer Webseite<\/h3>\n<p>Bei Aufruf unserer Webseite werden zur Analyse von Fehlern und Sicherheitsvorf\u00e4llen Logfiles erstellt. Diese bleiben nur f\u00fcr einige Tage bis Wochen gespeichert und werden anschlie\u00dfend automatisch gel\u00f6scht.<\/p>\n<h3 class=\"font-claude-response-body break-words whitespace-normal leading-[1.7]\"><strong>Cloudflare<\/strong><\/h3>\n<p class=\"font-claude-response-body break-words whitespace-normal leading-[1.7]\">Unsere Webseite wird \u00fcber Cloudflare, Inc. (101 Townsend St, San Francisco, CA 94107, USA) bereitgestellt. EU-Ansprechpartner ist die Cloudflare Germany GmbH, Rosental 7, 80331 M\u00fcnchen.<\/p>\n<p class=\"font-claude-response-body break-words whitespace-normal leading-[1.7]\"><strong>Zweck:<\/strong> Content Delivery Network (CDN), DDoS-Schutz, SSL-Verschl\u00fcsselung \u2014 zum Schutz vor Cyberangriffen, zur Sicherstellung der Verf\u00fcgbarkeit und zur Performanceoptimierung unserer Webseite.<\/p>\n<p class=\"font-claude-response-body break-words whitespace-normal leading-[1.7]\"><strong>Verarbeitete Daten:<\/strong> IP-Adresse, Browser- und Ger\u00e4tedaten (User-Agent), besuchte Seiten, Zeitpunkt und Dauer des Zugriffs.<\/p>\n<p class=\"font-claude-response-body break-words whitespace-normal leading-[1.7]\"><strong>Rechtsgrundlage:<\/strong> Art. 6 Abs. 1 lit. f DSGVO (berechtigtes Interesse an der Sicherheit und Erreichbarkeit unserer Webseite). Ihnen steht ein Widerspruchsrecht nach Art. 21 DSGVO zu \u2014 n\u00e4here Informationen finden Sie im Abschnitt \u201eIhre Rechte&#8220;.<\/p>\n<p class=\"font-claude-response-body break-words whitespace-normal leading-[1.7]\"><strong>Speicherdauer:<\/strong> Cloudflare speichert Zugriffslogs in der Regel bis zu 72 Stunden.<\/p>\n<p class=\"font-claude-response-body break-words whitespace-normal leading-[1.7]\"><strong>Drittlandtransfer:<\/strong> Eine \u00dcbermittlung personenbezogener Daten in die USA erfolgt auf Grundlage der EU-Standardvertragsklauseln (Durchf\u00fchrungsbeschluss 2021\/914 der EU-Kommission) sowie erg\u00e4nzender technischer und organisatorischer Ma\u00dfnahmen seitens Cloudflare.<\/p>\n<p class=\"font-claude-response-body break-words whitespace-normal leading-[1.7]\"><strong>Weitere Informationen:<\/strong> <a class=\"underline underline underline-offset-2 decoration-1 decoration-current\/40 hover:decoration-current focus:decoration-current\" href=\"https:\/\/www.cloudflare.com\/de-de\/privacypolicy\/\">Cloudflare Datenschutzerkl\u00e4rung<\/a><\/p>\n<h2>Datenverarbeitung im Rahmen unserer Vereinsarbeit<\/h2>\n<h3>Mitgliederverwaltung<\/h3>\n<p>Mitgliedsdaten (Vorname, Name, Geburtsdatum, E-Mail, Telefonnummer, Adresse, Bankdaten bzw. bei minderj\u00e4hrigen Mitgliedern die Kontakt- und Bankdaten einer erziehungsberechtigten Person) werden von den jeweiligen Funktionstr\u00e4ger:innen unseres Vereins nur f\u00fcr die ihnen zugeordnete Aufgabenerf\u00fcllung verarbeitet. Im Einzelnen bedeutet dies:<\/p>\n<ul>\n<li>Wenn der <ins>Vorstand<\/ins> Mitgliedsdaten ben\u00f6tigt, um seine Aufgaben zu erledigen, darf er auf alle hierf\u00fcr erforderlichen Mitgliedsdaten zugreifen. Dazu geh\u00f6rt insbesondere die Kontaktaufnahme zur Information \u00fcber Vereinsveranstaltungen und -T\u00e4tigkeiten.<\/li>\n<li>Der\/die Kassenwart:in verarbeitet die Mitgliedsdaten, die f\u00fcr den Einzug der Mitgliedsbeitr\u00e4ge, der\/die <ins>Kassenpr\u00fcfer:in<\/ins> verarbeitet die Mitgliedsdaten, die f\u00fcr die Kassenpr\u00fcfung relevant sind. Dies sind Vorname, Nachname, postalische Anschrift und Bankverbindung mit Zahlungsdaten sowie ggf. Zugriff auf die Lastschriftsverfahrensgenehmigung inklusive Unterschrift, sofern das Mitglied dem Verein ein Lastschriftmandat erteilt hat.<\/li>\n<\/ul>\n<p>Zweck f\u00fcr die Verarbeitung der Mitgliedsdaten ist die Verfolgung des Vereinszwecks und die -verwaltung. Rechtsgrundlage ist die Vereinsmitgliedschaft (Artikel 6 Absatz 1 b) DSGVO).<\/p>\n<p>Die aktuellen Mitgliedsdaten werden f\u00fcr die Dauer der Mitgliedschaft und dar\u00fcber hinaus f\u00fcr ein Jahr gespeichert.<\/p>\n<h3>Fotos bei Veranstaltungen<\/h3>\n<p>Fotos \u00fcber unser Vereinsgeschehen werden zum Zweck der Au\u00dfendarstellung auf unserer Webseite ver\u00f6ffentlicht.<br \/>\nF\u00fcr die Ver\u00f6ffentlichung folgender Fotos von Erwachsenen auf unserer Webseite ist die Rechtsgrundlage das nachfolgend beschriebene berechtigte Interesse unseres Vereins nach Artikel 6 Absatz 1 Satz 1 f) DSGVO:<\/p>\n<ul>\n<li>Team-Fotos aufgrund unseres berechtigten Interesses, \u00fcber das Vereinsgeschehen (hier: die Team-Aufstellung) zu informieren,<\/li>\n<li>Fotos mit Bezug zum Spielgeschehen bzw. der Veranstaltung aufgrund unseres berechtigten Interesses, \u00fcber das (sportliche) Geschehen zu berichten,<\/li>\n<li>Fotos vom Publikum, das an der Veranstaltung teilgenommen hat oder Fotos, auf denen die Personen nur als Beiwerk erscheinen, aufgrund unseres berechtigten Interesses, \u00fcber die Veranstaltung und deren Erfolg zu berichten.<\/li>\n<\/ul>\n<p>Sie haben die M\u00f6glichkeit, der Verwendung eines solchen Fotos, auf dem Sie zu sehen sind, gem\u00e4\u00df Artikel 21 Absatz 1 DSGVO zu widersprechen. Der Verein wird pr\u00fcfen, ob es zwingende schutzw\u00fcrdige Gr\u00fcnde f\u00fcr die Verarbeitung gibt, die Ihre Interessen, Rechte und Freiheiten \u00fcberwiegen. Wenn nicht, wird das entsprechende Foto gel\u00f6scht.<\/p>\n<p>Fotos von minderj\u00e4hrigen Vereinsmitgliedern oder Kindern aus dem Publikum ver\u00f6ffentlichen wir nur, wenn die Erziehungsberechtigten nach Artikel 6 Absatz 1 Satz 1 a) DSGVO eingewilligt haben. Diese Einwilligung kann jederzeit f\u00fcr die Zukunft widerrufen werden.<\/p>\n<h2>Betroffenenrechte<\/h2>\n<p>Wenn wir personenbezogene Daten von Ihnen verarbeiten, haben Sie folgende Betroffenenrechte:<\/p>\n<ul>\n<li>ein Recht auf Auskunft \u00fcber die verarbeiteten Daten und auf Kopie,<\/li>\n<li>ein Berichtigungsrecht, wenn wir falsche Daten \u00fcber Sie verarbeiten,<\/li>\n<li>ein Recht auf L\u00f6schung, es sei denn, dass noch Ausnahmen greifen, warum wir die Daten noch speichern, also zum Beispiel Aufbewahrungspflichten oder Verj\u00e4hrungsfristen<\/li>\n<li>ein Recht auf Einschr\u00e4nkung der Verarbeitung,<\/li>\n<li>ein jederzeitiges Recht, Einwilligungen in die Datenverarbeitung zu widerrufen,<\/li>\n<li>ein Widerspruchsrecht gegen eine Verarbeitung im \u00f6ffentlichen oder bei berechtigtem Interesse,<\/li>\n<li>ein Recht auf Daten\u00fcbertragbarkeit,<\/li>\n<li>ein Beschwerderecht bei einer Datenschutz-Aufsichtsbeh\u00f6rde, wenn Sie finden, dass wir Ihre Daten nicht ordnungsgem\u00e4\u00df verarbeiten. F\u00fcr unseren Verein ist der Landesbeauftragte f\u00fcr den Datenschutz und die Informationsfreiheit in Baden-W\u00fcrttemberg zust\u00e4ndig. Wenn Sie sich in einem anderen Bundesland oder nicht in Deutschland aufhalten, k\u00f6nnen Sie sich aber auch an die dortige Datenschutzbeh\u00f6rde wenden.<\/li>\n<\/ul>\n<hr \/>\n<p><em>Teile dieses Text wurden mit dem Generator f\u00fcr Datenschutzhinweise der <a href=\"https:\/\/stiftungdatenschutz.org\/ehrenamt\/generator-datenschutzhinweise\">Stiftung Datenschutz<\/a> erstellt.<\/em><\/p>\n<\/div>\n","protected":false},"excerpt":{"rendered":"<p>Datenschutzhinweise gem\u00e4\u00df Art. 13 DSGVO Verantwortlicher Dorfclub Hochdorf e.V. Obere M\u00fchle 1 71686 Remseck am Neckar info@dorfclub-hochdorf.de Bei Fragen zur&hellip;<\/p>\n","protected":false},"author":1,"featured_media":0,"parent":0,"menu_order":0,"comment_status":"closed","ping_status":"closed","template":"","meta":{"footnotes":""},"class_list":["post-33","page","type-page","status-publish","hentry"],"_links":{"self":[{"href":"https:\/\/dorfclub-hochdorf.de\/index.php?rest_route=\/wp\/v2\/pages\/33","targetHints":{"allow":["GET"]}}],"collection":[{"href":"https:\/\/dorfclub-hochdorf.de\/index.php?rest_route=\/wp\/v2\/pages"}],"about":[{"href":"https:\/\/dorfclub-hochdorf.de\/index.php?rest_route=\/wp\/v2\/types\/page"}],"author":[{"embeddable":true,"href":"https:\/\/dorfclub-hochdorf.de\/index.php?rest_route=\/wp\/v2\/users\/1"}],"replies":[{"embeddable":true,"href":"https:\/\/dorfclub-hochdorf.de\/index.php?rest_route=%2Fwp%2Fv2%2Fcomments&post=33"}],"version-history":[{"count":4,"href":"https:\/\/dorfclub-hochdorf.de\/index.php?rest_route=\/wp\/v2\/pages\/33\/revisions"}],"predecessor-version":[{"id":871,"href":"https:\/\/dorfclub-hochdorf.de\/index.php?rest_route=\/wp\/v2\/pages\/33\/revisions\/871"}],"wp:attachment":[{"href":"https:\/\/dorfclub-hochdorf.de\/index.php?rest_route=%2Fwp%2Fv2%2Fmedia&parent=33"}],"curies":[{"name":"wp","href":"https:\/\/api.w.org\/{rel}","templated":true}]}}